{"id":7434,"date":"2023-04-27T15:06:05","date_gmt":"2023-04-27T15:06:05","guid":{"rendered":"https:\/\/dumont.de\/impressum\/"},"modified":"2026-03-12T17:19:55","modified_gmt":"2026-03-12T17:19:55","slug":"impressum","status":"publish","type":"page","link":"https:\/\/dumont.de\/en\/impressum\/","title":{"rendered":"Impressum"},"content":{"rendered":"\t\t<div data-elementor-type=\"wp-page\" data-elementor-id=\"7434\" class=\"elementor elementor-7434 elementor-2985\" data-elementor-post-type=\"page\">\n\t\t\t\t\t\t<section class=\"elementor-section elementor-top-section elementor-element elementor-element-cb0b184 elementor-section-boxed elementor-section-height-default elementor-section-height-default\" data-id=\"cb0b184\" data-element_type=\"section\" data-e-type=\"section\">\n\t\t\t\t\t\t<div class=\"elementor-container elementor-column-gap-default\">\n\t\t\t\t\t<div class=\"elementor-column elementor-col-50 elementor-top-column elementor-element elementor-element-dfc2eb6\" data-id=\"dfc2eb6\" data-element_type=\"column\" data-e-type=\"column\">\n\t\t\t<div class=\"elementor-widget-wrap elementor-element-populated\">\n\t\t\t\t\t\t<div class=\"elementor-element elementor-element-b753f6e elementor-widget elementor-widget-heading\" data-id=\"b753f6e\" data-element_type=\"widget\" data-e-type=\"widget\" data-widget_type=\"heading.default\">\n\t\t\t\t<div class=\"elementor-widget-container\">\n\t\t\t\t\t<h1 class=\"elementor-heading-title elementor-size-default\">Impressum<\/h1>\t\t\t\t<\/div>\n\t\t\t\t<\/div>\n\t\t\t\t\t<\/div>\n\t\t<\/div>\n\t\t\t\t<div class=\"elementor-column elementor-col-50 elementor-top-column elementor-element elementor-element-370f187\" data-id=\"370f187\" data-element_type=\"column\" data-e-type=\"column\">\n\t\t\t<div class=\"elementor-widget-wrap elementor-element-populated\">\n\t\t\t\t\t\t<div class=\"elementor-element elementor-element-e8fbad4 elementor-widget elementor-widget-text-editor\" data-id=\"e8fbad4\" data-element_type=\"widget\" data-e-type=\"widget\" data-widget_type=\"text-editor.default\">\n\t\t\t\t<div class=\"elementor-widget-container\">\n\t\t\t\t\t\t\t\t\t<p>DuMont Mediengruppe GmbH &amp; Co. KG<br \/>Amsterdamer Str. 192<br \/>50735 Cologne (Germany)<\/p><p>E-mail: <a href=\"mailto:unternehmenskommunikation@dumont.de\">unternehmenskommunikation@dumont.de<\/a><\/p><p>Telephone: <a href=\"tel:+49%20221%20224-0\">+49 221 224-0<\/a><\/p><p>Registry court Amtsgericht K\u00f6ln HRA 8851<\/p><p>VAT: DE 122 788 578<\/p><p>Represented by the personally liable partner<\/p><p>DuMont Gesch\u00e4ftsf\u00fchrungs-Gesellschaft mit beschr\u00e4nkter Haftung<\/p><p>Registry court: Amtsgericht K\u00f6ln HRB 5376<\/p><p>VAT: DE 235 000 827<\/p><p>Legally represented by Dr. Christoph Bauer (CEO), Oliver Eckert (COO), <span data-olk-copy-source=\"MessageBody\">Sandra Jana Vollmer (CFO)<\/span><\/p><p>Neven DuMont Haus<br \/>Amsterdamer Stra\u00dfe 192<br \/>50735 Cologne (Germany)<\/p><p>Image sources: Max Gr\u00f6nert (Unterseite K\u00f6lner Stadt-Anzeiger Medien), Martina Goyert (Unterseite Quinfos), Dirk Born (Karriereseite, Growth Mindset), Jennifer Fetz (Unterseite UNITED), Wolstenholme Images via Getty Images (Startseite), Ryan J. Lane via Getty Images (Startseite), Maskot via Getty Images (Gesch\u00e4ftsfelder, Karriere), Luis Alvarez via Getty Images (Karriere), Qi Yang via Getty Images (Startseite &amp; Karriere), Luis Alvarez via Getty Images (Karriere), Morse Images via Getty Images (Karriere), Yana Iskayeva via Getty Images (Karriere), d3sign via Getty Images (Karriere), 10\u2019000 Hours via Getty Images (Karriere), Abstract Aerial Art via Getty Images (\u00dcber uns), Boris SV via Getty Images (Nachhaltigkeit), Catherine Falls Commercial via Getty Images (Nachhaltigkeit), StockPlanets via Getty Images (Nachhaltigkeit), Westend 61 via Getty Images (Karriere), Catherine Falls Commercial via Getty Images (Karriere), Stefano Paterna via Alamy Stock Foto (Nachhaltigkeit),\u00a0<span style=\"color: var( --e-global-color-0e9d183 );\">Sam Edwards via Getty Images (Karriere), Thomas Barwick via Getty images (Karriere), gorodenkoff via iStock (Karriere), Ippei Navi via Getty Images (Karriere)<\/span><\/p><p>We would like to point out that we do not participate in dispute resolution proceedings before a consumer arbitration board.<\/p>\t\t\t\t\t\t\t\t<\/div>\n\t\t\t\t<\/div>\n\t\t\t\t\t<\/div>\n\t\t<\/div>\n\t\t\t\t\t<\/div>\n\t\t<\/section>\n\t\t\t\t<section class=\"elementor-section elementor-top-section elementor-element elementor-element-1113224 elementor-section-boxed elementor-section-height-default elementor-section-height-default\" data-id=\"1113224\" data-element_type=\"section\" data-e-type=\"section\">\n\t\t\t\t\t\t<div class=\"elementor-container elementor-column-gap-default\">\n\t\t\t\t\t<div class=\"elementor-column elementor-col-100 elementor-top-column elementor-element elementor-element-b039cc2\" data-id=\"b039cc2\" data-element_type=\"column\" data-e-type=\"column\">\n\t\t\t<div class=\"elementor-widget-wrap elementor-element-populated\">\n\t\t\t\t\t\t<div class=\"elementor-element elementor-element-fcc654b elementor-widget-divider--view-line elementor-widget elementor-widget-divider\" data-id=\"fcc654b\" data-element_type=\"widget\" data-e-type=\"widget\" data-widget_type=\"divider.default\">\n\t\t\t\t<div class=\"elementor-widget-container\">\n\t\t\t\t\t\t\t<div class=\"elementor-divider\">\n\t\t\t<span class=\"elementor-divider-separator\">\n\t\t\t\t\t\t<\/span>\n\t\t<\/div>\n\t\t\t\t\t\t<\/div>\n\t\t\t\t<\/div>\n\t\t\t\t\t<\/div>\n\t\t<\/div>\n\t\t\t\t\t<\/div>\n\t\t<\/section>\n\t\t\t\t<\/div>\n\t\t","protected":false},"excerpt":{"rendered":"<p>Impressum | DuMont Mediengruppe GmbH &amp; Co. KG | Amsterdamer Str. 192 50735 K\u00f6ln | Telefon: +49 221 2240<\/p>\n","protected":false},"author":1,"featured_media":0,"parent":0,"menu_order":0,"comment_status":"closed","ping_status":"closed","template":"","meta":{"inline_featured_image":false,"iawp_total_views":236,"footnotes":""},"class_list":{"0":"post-7434","1":"page","2":"type-page","3":"status-publish","5":"no-featured-image-padding"},"acf":[],"yoast_head":"<!-- This site is optimized with the Yoast SEO plugin v27.4 - https:\/\/yoast.com\/product\/yoast-seo-wordpress\/ -->\n<title>Impressum - Dumont<\/title>\n<meta name=\"description\" content=\"Impressum | DuMont Mediengruppe GmbH &amp; Co. KG | Amsterdamer Str. 192 50735 K\u00f6ln | Telefon: +49 221 2240\" \/>\n<meta name=\"robots\" content=\"index, follow, max-snippet:-1, max-image-preview:large, max-video-preview:-1\" \/>\n<link rel=\"canonical\" href=\"https:\/\/dumont.de\/en\/impressum\/\" \/>\n<meta property=\"og:locale\" content=\"en_US\" \/>\n<meta property=\"og:type\" content=\"article\" \/>\n<meta property=\"og:title\" content=\"Impressum - Dumont\" \/>\n<meta property=\"og:description\" content=\"Impressum | DuMont Mediengruppe GmbH &amp; Co. KG | Amsterdamer Str. 192 50735 K\u00f6ln | Telefon: +49 221 2240\" \/>\n<meta property=\"og:url\" content=\"https:\/\/dumont.de\/en\/impressum\/\" \/>\n<meta property=\"og:site_name\" content=\"DuMont\" \/>\n<meta property=\"article:modified_time\" content=\"2026-03-12T17:19:55+00:00\" \/>\n<meta name=\"twitter:card\" content=\"summary_large_image\" \/>\n<meta name=\"twitter:label1\" content=\"Est. reading time\" \/>\n\t<meta name=\"twitter:data1\" content=\"2 minutes\" \/>\n<script type=\"application\/ld+json\" class=\"yoast-schema-graph\">{\"@context\":\"https:\\\/\\\/schema.org\",\"@graph\":[{\"@type\":\"WebPage\",\"@id\":\"https:\\\/\\\/dumont.de\\\/en\\\/impressum\\\/\",\"url\":\"https:\\\/\\\/dumont.de\\\/en\\\/impressum\\\/\",\"name\":\"Impressum - Dumont\",\"isPartOf\":{\"@id\":\"https:\\\/\\\/dumont.de\\\/en\\\/#website\"},\"datePublished\":\"2023-04-27T15:06:05+00:00\",\"dateModified\":\"2026-03-12T17:19:55+00:00\",\"description\":\"Impressum | DuMont Mediengruppe GmbH & Co. KG | Amsterdamer Str. 192 50735 K\u00f6ln | Telefon: +49 221 2240\",\"breadcrumb\":{\"@id\":\"https:\\\/\\\/dumont.de\\\/en\\\/impressum\\\/#breadcrumb\"},\"inLanguage\":\"en-US\",\"potentialAction\":[{\"@type\":\"ReadAction\",\"target\":[\"https:\\\/\\\/dumont.de\\\/en\\\/impressum\\\/\"]}]},{\"@type\":\"BreadcrumbList\",\"@id\":\"https:\\\/\\\/dumont.de\\\/en\\\/impressum\\\/#breadcrumb\",\"itemListElement\":[{\"@type\":\"ListItem\",\"position\":1,\"name\":\"Home\",\"item\":\"https:\\\/\\\/dumont.de\\\/en\\\/\"},{\"@type\":\"ListItem\",\"position\":2,\"name\":\"Impressum\"}]},{\"@type\":\"WebSite\",\"@id\":\"https:\\\/\\\/dumont.de\\\/en\\\/#website\",\"url\":\"https:\\\/\\\/dumont.de\\\/en\\\/\",\"name\":\"DuMont\",\"description\":\"\",\"publisher\":{\"@id\":\"https:\\\/\\\/dumont.de\\\/en\\\/#organization\"},\"potentialAction\":[{\"@type\":\"SearchAction\",\"target\":{\"@type\":\"EntryPoint\",\"urlTemplate\":\"https:\\\/\\\/dumont.de\\\/en\\\/?s={search_term_string}\"},\"query-input\":{\"@type\":\"PropertyValueSpecification\",\"valueRequired\":true,\"valueName\":\"search_term_string\"}}],\"inLanguage\":\"en-US\"},{\"@type\":\"Organization\",\"@id\":\"https:\\\/\\\/dumont.de\\\/en\\\/#organization\",\"name\":\"DuMont\",\"url\":\"https:\\\/\\\/dumont.de\\\/en\\\/\",\"logo\":{\"@type\":\"ImageObject\",\"inLanguage\":\"en-US\",\"@id\":\"https:\\\/\\\/dumont.de\\\/en\\\/#\\\/schema\\\/logo\\\/image\\\/\",\"url\":\"https:\\\/\\\/dumont.de\\\/wp-content\\\/uploads\\\/2023\\\/03\\\/DuMont_Logo-1.svg\",\"contentUrl\":\"https:\\\/\\\/dumont.de\\\/wp-content\\\/uploads\\\/2023\\\/03\\\/DuMont_Logo-1.svg\",\"width\":200,\"height\":75,\"caption\":\"DuMont\"},\"image\":{\"@id\":\"https:\\\/\\\/dumont.de\\\/en\\\/#\\\/schema\\\/logo\\\/image\\\/\"}}]}<\/script>\n<!-- \/ Yoast SEO plugin. -->","yoast_head_json":{"title":"Impressum - Dumont","description":"Impressum | DuMont Mediengruppe GmbH & Co. KG | Amsterdamer Str. 192 50735 K\u00f6ln | Telefon: +49 221 2240","robots":{"index":"index","follow":"follow","max-snippet":"max-snippet:-1","max-image-preview":"max-image-preview:large","max-video-preview":"max-video-preview:-1"},"canonical":"https:\/\/dumont.de\/en\/impressum\/","og_locale":"en_US","og_type":"article","og_title":"Impressum - Dumont","og_description":"Impressum | DuMont Mediengruppe GmbH & Co. KG | Amsterdamer Str. 192 50735 K\u00f6ln | Telefon: +49 221 2240","og_url":"https:\/\/dumont.de\/en\/impressum\/","og_site_name":"DuMont","article_modified_time":"2026-03-12T17:19:55+00:00","twitter_card":"summary_large_image","twitter_misc":{"Est. reading time":"2 minutes"},"schema":{"@context":"https:\/\/schema.org","@graph":[{"@type":"WebPage","@id":"https:\/\/dumont.de\/en\/impressum\/","url":"https:\/\/dumont.de\/en\/impressum\/","name":"Impressum - Dumont","isPartOf":{"@id":"https:\/\/dumont.de\/en\/#website"},"datePublished":"2023-04-27T15:06:05+00:00","dateModified":"2026-03-12T17:19:55+00:00","description":"Impressum | DuMont Mediengruppe GmbH & Co. KG | Amsterdamer Str. 192 50735 K\u00f6ln | Telefon: +49 221 2240","breadcrumb":{"@id":"https:\/\/dumont.de\/en\/impressum\/#breadcrumb"},"inLanguage":"en-US","potentialAction":[{"@type":"ReadAction","target":["https:\/\/dumont.de\/en\/impressum\/"]}]},{"@type":"BreadcrumbList","@id":"https:\/\/dumont.de\/en\/impressum\/#breadcrumb","itemListElement":[{"@type":"ListItem","position":1,"name":"Home","item":"https:\/\/dumont.de\/en\/"},{"@type":"ListItem","position":2,"name":"Impressum"}]},{"@type":"WebSite","@id":"https:\/\/dumont.de\/en\/#website","url":"https:\/\/dumont.de\/en\/","name":"DuMont","description":"","publisher":{"@id":"https:\/\/dumont.de\/en\/#organization"},"potentialAction":[{"@type":"SearchAction","target":{"@type":"EntryPoint","urlTemplate":"https:\/\/dumont.de\/en\/?s={search_term_string}"},"query-input":{"@type":"PropertyValueSpecification","valueRequired":true,"valueName":"search_term_string"}}],"inLanguage":"en-US"},{"@type":"Organization","@id":"https:\/\/dumont.de\/en\/#organization","name":"DuMont","url":"https:\/\/dumont.de\/en\/","logo":{"@type":"ImageObject","inLanguage":"en-US","@id":"https:\/\/dumont.de\/en\/#\/schema\/logo\/image\/","url":"https:\/\/dumont.de\/wp-content\/uploads\/2023\/03\/DuMont_Logo-1.svg","contentUrl":"https:\/\/dumont.de\/wp-content\/uploads\/2023\/03\/DuMont_Logo-1.svg","width":200,"height":75,"caption":"DuMont"},"image":{"@id":"https:\/\/dumont.de\/en\/#\/schema\/logo\/image\/"}}]}},"_links":{"self":[{"href":"https:\/\/dumont.de\/en\/wp-json\/wp\/v2\/pages\/7434","targetHints":{"allow":["GET"]}}],"collection":[{"href":"https:\/\/dumont.de\/en\/wp-json\/wp\/v2\/pages"}],"about":[{"href":"https:\/\/dumont.de\/en\/wp-json\/wp\/v2\/types\/page"}],"author":[{"embeddable":true,"href":"https:\/\/dumont.de\/en\/wp-json\/wp\/v2\/users\/1"}],"replies":[{"embeddable":true,"href":"https:\/\/dumont.de\/en\/wp-json\/wp\/v2\/comments?post=7434"}],"version-history":[{"count":14,"href":"https:\/\/dumont.de\/en\/wp-json\/wp\/v2\/pages\/7434\/revisions"}],"predecessor-version":[{"id":11120,"href":"https:\/\/dumont.de\/en\/wp-json\/wp\/v2\/pages\/7434\/revisions\/11120"}],"wp:attachment":[{"href":"https:\/\/dumont.de\/en\/wp-json\/wp\/v2\/media?parent=7434"}],"curies":[{"name":"wp","href":"https:\/\/api.w.org\/{rel}","templated":true}]}}